{"id":111,"date":"2019-04-22T18:37:06","date_gmt":"2019-04-22T18:37:06","guid":{"rendered":"http:\/\/menyvillalba.com\/?page_id=111"},"modified":"2019-04-29T19:25:36","modified_gmt":"2019-04-29T19:25:36","slug":"servicios-educativos","status":"publish","type":"page","link":"https:\/\/menyvillalba.com\/index.php\/servicios-educativos\/","title":{"rendered":"SERVICIOS EDUCATIVOS"},"content":{"rendered":"\t\t<div data-elementor-type=\"wp-post\" data-elementor-id=\"111\" class=\"elementor elementor-111\" data-elementor-settings=\"[]\">\n\t\t\t\t\t\t<div class=\"elementor-inner\">\n\t\t\t\t\t\t\t<div class=\"elementor-section-wrap\">\n\t\t\t\t\t\t\t<section class=\"elementor-section elementor-top-section elementor-element elementor-element-1928977d elementor-section-boxed elementor-section-height-default elementor-section-height-default\" data-id=\"1928977d\" data-element_type=\"section\" data-settings=\"{&quot;background_background&quot;:&quot;classic&quot;}\">\n\t\t\t\t\t\t<div class=\"elementor-container elementor-column-gap-default\">\n\t\t\t\t\t\t\t<div class=\"elementor-row\">\n\t\t\t\t\t<div class=\"elementor-column elementor-col-50 elementor-top-column elementor-element elementor-element-7a47dbd9\" data-id=\"7a47dbd9\" data-element_type=\"column\">\n\t\t\t<div class=\"elementor-column-wrap elementor-element-populated\">\n\t\t\t\t\t\t\t<div class=\"elementor-widget-wrap\">\n\t\t\t\t\t\t<div class=\"elementor-element elementor-element-679ba419 elementor-widget elementor-widget-image\" data-id=\"679ba419\" data-element_type=\"widget\" data-widget_type=\"image.default\">\n\t\t\t\t<div class=\"elementor-widget-container\">\n\t\t\t\t\t\t\t\t<div class=\"elementor-image\">\n\t\t\t\t\t\t\t\t\t\t\t\t\t<a href=\"https:\/\/menyvillalba.com\">\n\t\t\t\t\t\t\t<img loading=\"lazy\" decoding=\"async\" width=\"150\" height=\"150\" src=\"https:\/\/menyvillalba.com\/wp-content\/uploads\/2019\/04\/Meny-01.png\" class=\"attachment-large size-large\" alt=\"\" \/>\t\t\t\t\t\t\t\t<\/a>\n\t\t\t\t\t\t\t\t\t\t\t\t\t\t<\/div>\n\t\t\t\t\t\t<\/div>\n\t\t\t\t<\/div>\n\t\t\t\t\t\t<\/div>\n\t\t\t\t\t<\/div>\n\t\t<\/div>\n\t\t\t\t<div class=\"elementor-column elementor-col-50 elementor-top-column elementor-element elementor-element-64b46cbe\" data-id=\"64b46cbe\" data-element_type=\"column\">\n\t\t\t<div class=\"elementor-column-wrap elementor-element-populated\">\n\t\t\t\t\t\t\t<div class=\"elementor-widget-wrap\">\n\t\t\t\t\t\t<section class=\"elementor-section elementor-inner-section elementor-element elementor-element-22112426 elementor-section-boxed elementor-section-height-default elementor-section-height-default\" data-id=\"22112426\" data-element_type=\"section\">\n\t\t\t\t\t\t<div class=\"elementor-container elementor-column-gap-default\">\n\t\t\t\t\t\t\t<div class=\"elementor-row\">\n\t\t\t\t\t<div class=\"elementor-column elementor-col-50 elementor-inner-column elementor-element elementor-element-128cde87\" data-id=\"128cde87\" data-element_type=\"column\">\n\t\t\t<div class=\"elementor-column-wrap elementor-element-populated\">\n\t\t\t\t\t\t\t<div class=\"elementor-widget-wrap\">\n\t\t\t\t\t\t<div class=\"elementor-element elementor-element-7310b28e elementor-widget elementor-widget-text-editor\" data-id=\"7310b28e\" data-element_type=\"widget\" data-widget_type=\"text-editor.default\">\n\t\t\t\t<div class=\"elementor-widget-container\">\n\t\t\t\t\t\t\t\t<div class=\"elementor-text-editor elementor-clearfix\">\n\t\t\t\t<p><span style=\"font-family: impact, sans-serif; font-size: 24pt;\">MANUEL VILLALBA AGUIRRE<\/span><\/p>\t\t\t\t\t<\/div>\n\t\t\t\t\t\t<\/div>\n\t\t\t\t<\/div>\n\t\t\t\t\t\t<\/div>\n\t\t\t\t\t<\/div>\n\t\t<\/div>\n\t\t\t\t<div class=\"elementor-column elementor-col-50 elementor-inner-column elementor-element elementor-element-5b145f5\" data-id=\"5b145f5\" data-element_type=\"column\">\n\t\t\t<div class=\"elementor-column-wrap elementor-element-populated\">\n\t\t\t\t\t\t\t<div class=\"elementor-widget-wrap\">\n\t\t\t\t\t\t<div class=\"elementor-element elementor-element-71554a15 e-grid-align-left elementor-shape-rounded elementor-grid-0 elementor-widget elementor-widget-social-icons\" data-id=\"71554a15\" data-element_type=\"widget\" data-widget_type=\"social-icons.default\">\n\t\t\t\t<div class=\"elementor-widget-container\">\n\t\t\t\t\t<div class=\"elementor-social-icons-wrapper elementor-grid\">\n\t\t\t\t\t\t\t<span class=\"elementor-grid-item\">\n\t\t\t\t\t<a class=\"elementor-icon elementor-social-icon elementor-social-icon-whatsapp elementor-repeater-item-ad887e7\" href=\"https:\/\/api.whatsapp.com\/send?phone=526141841109&#038;text=Me%20interesan%20sus%20servicios\" target=\"_blank\">\n\t\t\t\t\t\t<span class=\"elementor-screen-only\">Whatsapp<\/span>\n\t\t\t\t\t\t\t\t\t\t\t\t\t<i class=\"fa fa-whatsapp\"><\/i>\n\t\t\t\t\t\t\t\t\t\t\t<\/a>\n\t\t\t\t<\/span>\n\t\t\t\t\t<\/div>\n\t\t\t\t<\/div>\n\t\t\t\t<\/div>\n\t\t\t\t\t\t<\/div>\n\t\t\t\t\t<\/div>\n\t\t<\/div>\n\t\t\t\t\t\t\t\t<\/div>\n\t\t\t\t\t<\/div>\n\t\t<\/section>\n\t\t\t\t<div class=\"elementor-element elementor-element-3fff4064 elementor-align-center elementor-widget elementor-widget-default-navmenu\" data-id=\"3fff4064\" data-element_type=\"widget\" data-widget_type=\"default-navmenu.default\">\n\t\t\t\t<div class=\"elementor-widget-container\">\n\t\t\t<div id=\"elementor-header-primary\" class=\"elementor-header\">\t\t\t<button id=\"elementor-menu-toggle\" class=\"elementor-menu-toggle\"><i class=\"fa fa-navicon\"><\/i><\/button>\n\t\t\t<div id=\"elementor-menu\" class=\"elementor-menu\">\n\t\t\t\n\t\t\t\t<nav itemtype=\"http:\/\/schema.org\/SiteNavigationElement\" itemscope=\"itemscope\" id=\"elementor-navigation\" class=\"elementor-navigation\" role=\"navigation\" aria-label=\"Elementor Menu\">\t\t\t\t\n\t\t\t\t<ul id=\"elementor-navmenu\" class=\"elementor-nav-menu\"><li id=\"menu-item-93\" class=\"menu-item menu-item-type-post_type menu-item-object-page menu-item-home menu-item-93\"><a href=\"https:\/\/menyvillalba.com\/\">INICIO<\/a><\/li>\n<li id=\"menu-item-102\" class=\"menu-item menu-item-type-post_type menu-item-object-page menu-item-102\"><a href=\"https:\/\/menyvillalba.com\/index.php\/acerca-de\/\">ACERCA DE<\/a><\/li>\n<li id=\"menu-item-226\" class=\"menu-item menu-item-type-post_type menu-item-object-page menu-item-226\"><a href=\"https:\/\/menyvillalba.com\/index.php\/galerias\/\">GALER\u00cdAS<\/a><\/li>\n<li id=\"menu-item-95\" class=\"menu-item menu-item-type-post_type menu-item-object-page menu-item-95\"><a href=\"https:\/\/menyvillalba.com\/index.php\/contacto\/\">CONTACTO<\/a><\/li>\n<\/ul>\t\t\n\t\t\t\t\t\t\t\t<\/nav>\n\t\t\t<\/div>\n\t\t<\/div>\n\t\t\t\t<\/div>\n\t\t\t\t<\/div>\n\t\t\t\t\t\t<\/div>\n\t\t\t\t\t<\/div>\n\t\t<\/div>\n\t\t\t\t\t\t\t\t<\/div>\n\t\t\t\t\t<\/div>\n\t\t<\/section>\n\t\t\t\t<section class=\"elementor-section elementor-top-section elementor-element elementor-element-55a4dcd7 elementor-section-boxed elementor-section-height-default elementor-section-height-default\" data-id=\"55a4dcd7\" data-element_type=\"section\">\n\t\t\t\t\t\t<div class=\"elementor-container elementor-column-gap-default\">\n\t\t\t\t\t\t\t<div class=\"elementor-row\">\n\t\t\t\t\t<div class=\"elementor-column elementor-col-100 elementor-top-column elementor-element elementor-element-5e387c69\" data-id=\"5e387c69\" data-element_type=\"column\">\n\t\t\t<div class=\"elementor-column-wrap elementor-element-populated\">\n\t\t\t\t\t\t\t<div class=\"elementor-widget-wrap\">\n\t\t\t\t\t\t<div class=\"elementor-element elementor-element-3fad4a17 elementor-align-center elementor-widget elementor-widget-default-navmenu\" data-id=\"3fad4a17\" data-element_type=\"widget\" data-widget_type=\"default-navmenu.default\">\n\t\t\t\t<div class=\"elementor-widget-container\">\n\t\t\t<div id=\"elementor-header-secondary\" class=\"elementor-header\">\t\t\t<button id=\"elementor-menu-toggle\" class=\"elementor-menu-toggle\"><i class=\"fa fa-navicon\"><\/i><\/button>\n\t\t\t<div id=\"elementor-menu\" class=\"elementor-menu\">\n\t\t\t\n\t\t\t\t<nav itemtype=\"http:\/\/schema.org\/SiteNavigationElement\" itemscope=\"itemscope\" id=\"elementor-navigation\" class=\"elementor-navigation\" role=\"navigation\" aria-label=\"Elementor Menu\">\t\t\t\t\n\t\t\t\t<ul id=\"elementor-navmenu\" class=\"elementor-nav-menu\"><li id=\"menu-item-105\" class=\"menu-item menu-item-type-post_type menu-item-object-page menu-item-105\"><a href=\"https:\/\/menyvillalba.com\/index.php\/futbol-de-juegos-populares\/\">JUEGOS POPULARES<\/a><\/li>\n<li id=\"menu-item-104\" class=\"menu-item menu-item-type-post_type menu-item-object-page menu-item-104\"><a href=\"https:\/\/menyvillalba.com\/index.php\/papelera-de-chihuahua\/\">PAPELERA DE CHIHUAHUA<\/a><\/li>\n<li id=\"menu-item-106\" class=\"menu-item menu-item-type-post_type menu-item-object-page menu-item-106\"><a href=\"https:\/\/menyvillalba.com\/index.php\/futbol-asociacion-de-olimpiada\/\">FUTBOL DE OLIMPIADA<\/a><\/li>\n<li id=\"menu-item-107\" class=\"menu-item menu-item-type-post_type menu-item-object-page menu-item-107\"><a href=\"https:\/\/menyvillalba.com\/index.php\/arbitraje\/\">ARBITRAJE<\/a><\/li>\n<li id=\"menu-item-174\" class=\"menu-item menu-item-type-post_type menu-item-object-page menu-item-174\"><a href=\"https:\/\/menyvillalba.com\/index.php\/servicios-educativos\/\">SERVICIOS EDUCATIVOS<\/a><\/li>\n<\/ul>\t\t\n\t\t\t\t\t\t\t\t<\/nav>\n\t\t\t<\/div>\n\t\t<\/div>\n\t\t\t\t<\/div>\n\t\t\t\t<\/div>\n\t\t\t\t\t\t<\/div>\n\t\t\t\t\t<\/div>\n\t\t<\/div>\n\t\t\t\t\t\t\t\t<\/div>\n\t\t\t\t\t<\/div>\n\t\t<\/section>\n\t\t\t\t<section class=\"elementor-section elementor-top-section elementor-element elementor-element-5946dcd elementor-section-boxed elementor-section-height-default elementor-section-height-default\" data-id=\"5946dcd\" data-element_type=\"section\">\n\t\t\t\t\t\t<div class=\"elementor-container elementor-column-gap-default\">\n\t\t\t\t\t\t\t<div class=\"elementor-row\">\n\t\t\t\t\t<div class=\"elementor-column elementor-col-50 elementor-top-column elementor-element elementor-element-2bcece8\" data-id=\"2bcece8\" data-element_type=\"column\">\n\t\t\t<div class=\"elementor-column-wrap elementor-element-populated\">\n\t\t\t\t\t\t\t<div class=\"elementor-widget-wrap\">\n\t\t\t\t\t\t<div class=\"elementor-element elementor-element-a1a532a elementor-widget elementor-widget-image\" data-id=\"a1a532a\" data-element_type=\"widget\" data-widget_type=\"image.default\">\n\t\t\t\t<div class=\"elementor-widget-container\">\n\t\t\t\t\t\t\t\t<div class=\"elementor-image\">\n\t\t\t\t\t\t\t\t\t\t\t\t<img loading=\"lazy\" decoding=\"async\" width=\"850\" height=\"562\" src=\"https:\/\/menyvillalba.com\/wp-content\/uploads\/2019\/04\/action-activity-balls-296302.jpg\" class=\"attachment-large size-large\" alt=\"\" srcset=\"https:\/\/menyvillalba.com\/wp-content\/uploads\/2019\/04\/action-activity-balls-296302.jpg 850w, https:\/\/menyvillalba.com\/wp-content\/uploads\/2019\/04\/action-activity-balls-296302-300x198.jpg 300w, https:\/\/menyvillalba.com\/wp-content\/uploads\/2019\/04\/action-activity-balls-296302-768x508.jpg 768w\" sizes=\"auto, (max-width: 850px) 100vw, 850px\" \/>\t\t\t\t\t\t\t\t\t\t\t\t\t\t<\/div>\n\t\t\t\t\t\t<\/div>\n\t\t\t\t<\/div>\n\t\t\t\t\t\t<\/div>\n\t\t\t\t\t<\/div>\n\t\t<\/div>\n\t\t\t\t<div class=\"elementor-column elementor-col-50 elementor-top-column elementor-element elementor-element-d899775\" data-id=\"d899775\" data-element_type=\"column\">\n\t\t\t<div class=\"elementor-column-wrap elementor-element-populated\">\n\t\t\t\t\t\t\t<div class=\"elementor-widget-wrap\">\n\t\t\t\t\t\t<div class=\"elementor-element elementor-element-af25213 elementor-widget elementor-widget-spacer\" data-id=\"af25213\" data-element_type=\"widget\" data-widget_type=\"spacer.default\">\n\t\t\t\t<div class=\"elementor-widget-container\">\n\t\t\t\t\t<div class=\"elementor-spacer\">\n\t\t\t<div class=\"elementor-spacer-inner\"><\/div>\n\t\t<\/div>\n\t\t\t\t<\/div>\n\t\t\t\t<\/div>\n\t\t\t\t<div class=\"elementor-element elementor-element-b1a5d08 elementor-widget elementor-widget-text-editor\" data-id=\"b1a5d08\" data-element_type=\"widget\" data-widget_type=\"text-editor.default\">\n\t\t\t\t<div class=\"elementor-widget-container\">\n\t\t\t\t\t\t\t\t<div class=\"elementor-text-editor elementor-clearfix\">\n\t\t\t\t<ul><li><span style=\"font-size: 18pt;\">Clases de Educaci\u00f3n F\u00edsica<\/span><\/li><li><span style=\"font-size: 18pt;\">F\u00fatbol<\/span><\/li><li><span style=\"font-size: 18pt;\">\u00a0Mini Basquetbol<\/span><\/li><li><span style=\"font-size: 18pt;\">Escolta<\/span><\/li><li><span style=\"font-size: 18pt;\">Atletismo<\/span><\/li><li><span style=\"font-size: 18pt;\">Cursos de verano<\/span><\/li><li><span style=\"font-size: 18pt;\">Ajedrez<\/span><\/li><li><span style=\"font-size: 18pt;\">Voleibol\u00a0<\/span><\/li><\/ul>\t\t\t\t\t<\/div>\n\t\t\t\t\t\t<\/div>\n\t\t\t\t<\/div>\n\t\t\t\t\t\t<\/div>\n\t\t\t\t\t<\/div>\n\t\t<\/div>\n\t\t\t\t\t\t\t\t<\/div>\n\t\t\t\t\t<\/div>\n\t\t<\/section>\n\t\t\t\t<section class=\"elementor-section elementor-top-section elementor-element elementor-element-340afd3a elementor-section-boxed elementor-section-height-default elementor-section-height-default elementor-invisible\" data-id=\"340afd3a\" data-element_type=\"section\" data-settings=\"{&quot;animation&quot;:&quot;fadeInLeft&quot;}\">\n\t\t\t\t\t\t<div class=\"elementor-container elementor-column-gap-default\">\n\t\t\t\t\t\t\t<div class=\"elementor-row\">\n\t\t\t\t\t<div class=\"elementor-column elementor-col-100 elementor-top-column elementor-element elementor-element-19c39610\" data-id=\"19c39610\" data-element_type=\"column\" data-settings=\"{&quot;background_background&quot;:&quot;classic&quot;}\">\n\t\t\t<div class=\"elementor-column-wrap elementor-element-populated\">\n\t\t\t\t\t\t\t<div class=\"elementor-widget-wrap\">\n\t\t\t\t\t\t<div class=\"elementor-element elementor-element-5a32d5b elementor-widget elementor-widget-image-gallery\" data-id=\"5a32d5b\" data-element_type=\"widget\" data-widget_type=\"image-gallery.default\">\n\t\t\t\t<div class=\"elementor-widget-container\">\n\t\t\t\t\t<div class=\"elementor-image-gallery\">\n\t\t\t\n\t\t<style type=\"text\/css\">\n\t\t\t#gallery-1 {\n\t\t\t\tmargin: auto;\n\t\t\t}\n\t\t\t#gallery-1 .gallery-item {\n\t\t\t\tfloat: left;\n\t\t\t\tmargin-top: 10px;\n\t\t\t\ttext-align: center;\n\t\t\t\twidth: 50%;\n\t\t\t}\n\t\t\t#gallery-1 img {\n\t\t\t\tborder: 2px solid #cfcfcf;\n\t\t\t}\n\t\t\t#gallery-1 .gallery-caption {\n\t\t\t\tmargin-left: 0;\n\t\t\t}\n\t\t\t\/* see gallery_shortcode() in wp-includes\/media.php *\/\n\t\t<\/style>\n\t\t<div id='gallery-1' class='gallery galleryid-111 gallery-columns-2 gallery-size-medium'><dl class='gallery-item'>\n\t\t\t<dt class='gallery-icon landscape'>\n\t\t\t\t<a data-elementor-open-lightbox=\"yes\" data-elementor-lightbox-slideshow=\"5a32d5b\" data-elementor-lightbox-title=\"ESCOLTA\" href='https:\/\/menyvillalba.com\/wp-content\/uploads\/2019\/04\/ESCOLTA.jpg'><img loading=\"lazy\" decoding=\"async\" width=\"300\" height=\"218\" src=\"https:\/\/menyvillalba.com\/wp-content\/uploads\/2019\/04\/ESCOLTA-300x218.jpg\" class=\"attachment-medium size-medium\" alt=\"\" aria-describedby=\"gallery-1-282\" srcset=\"https:\/\/menyvillalba.com\/wp-content\/uploads\/2019\/04\/ESCOLTA-300x218.jpg 300w, https:\/\/menyvillalba.com\/wp-content\/uploads\/2019\/04\/ESCOLTA-768x559.jpg 768w, https:\/\/menyvillalba.com\/wp-content\/uploads\/2019\/04\/ESCOLTA-1024x745.jpg 1024w, https:\/\/menyvillalba.com\/wp-content\/uploads\/2019\/04\/ESCOLTA.jpg 1280w\" sizes=\"auto, (max-width: 300px) 100vw, 300px\" \/><\/a>\n\t\t\t<\/dt>\n\t\t\t\t<dd class='wp-caption-text gallery-caption' id='gallery-1-282'>\n\t\t\t\tESCOLTA\n\t\t\t\t<\/dd><\/dl><dl class='gallery-item'>\n\t\t\t<dt class='gallery-icon landscape'>\n\t\t\t\t<a data-elementor-open-lightbox=\"yes\" data-elementor-lightbox-slideshow=\"5a32d5b\" data-elementor-lightbox-title=\"FUTBOL\" href='https:\/\/menyvillalba.com\/wp-content\/uploads\/2019\/04\/FUTBOL.jpg'><img loading=\"lazy\" decoding=\"async\" width=\"300\" height=\"225\" src=\"https:\/\/menyvillalba.com\/wp-content\/uploads\/2019\/04\/FUTBOL-300x225.jpg\" class=\"attachment-medium size-medium\" alt=\"\" aria-describedby=\"gallery-1-283\" srcset=\"https:\/\/menyvillalba.com\/wp-content\/uploads\/2019\/04\/FUTBOL-300x225.jpg 300w, https:\/\/menyvillalba.com\/wp-content\/uploads\/2019\/04\/FUTBOL-768x576.jpg 768w, https:\/\/menyvillalba.com\/wp-content\/uploads\/2019\/04\/FUTBOL-1024x768.jpg 1024w, https:\/\/menyvillalba.com\/wp-content\/uploads\/2019\/04\/FUTBOL.jpg 1280w\" sizes=\"auto, (max-width: 300px) 100vw, 300px\" \/><\/a>\n\t\t\t<\/dt>\n\t\t\t\t<dd class='wp-caption-text gallery-caption' id='gallery-1-283'>\n\t\t\t\tFUTBOL\n\t\t\t\t<\/dd><\/dl><br style=\"clear: both\" \/><dl class='gallery-item'>\n\t\t\t<dt class='gallery-icon landscape'>\n\t\t\t\t<a data-elementor-open-lightbox=\"yes\" data-elementor-lightbox-slideshow=\"5a32d5b\" data-elementor-lightbox-title=\"BASQUETBOL\" href='https:\/\/menyvillalba.com\/wp-content\/uploads\/2019\/04\/BASQUETBOL.jpg'><img loading=\"lazy\" decoding=\"async\" width=\"300\" height=\"146\" src=\"https:\/\/menyvillalba.com\/wp-content\/uploads\/2019\/04\/BASQUETBOL-300x146.jpg\" class=\"attachment-medium size-medium\" alt=\"\" aria-describedby=\"gallery-1-281\" srcset=\"https:\/\/menyvillalba.com\/wp-content\/uploads\/2019\/04\/BASQUETBOL-300x146.jpg 300w, https:\/\/menyvillalba.com\/wp-content\/uploads\/2019\/04\/BASQUETBOL-768x373.jpg 768w, https:\/\/menyvillalba.com\/wp-content\/uploads\/2019\/04\/BASQUETBOL-1024x498.jpg 1024w, https:\/\/menyvillalba.com\/wp-content\/uploads\/2019\/04\/BASQUETBOL.jpg 1280w\" sizes=\"auto, (max-width: 300px) 100vw, 300px\" \/><\/a>\n\t\t\t<\/dt>\n\t\t\t\t<dd class='wp-caption-text gallery-caption' id='gallery-1-281'>\n\t\t\t\tBASQUETBOL\n\t\t\t\t<\/dd><\/dl><dl class='gallery-item'>\n\t\t\t<dt class='gallery-icon landscape'>\n\t\t\t\t<a data-elementor-open-lightbox=\"yes\" data-elementor-lightbox-slideshow=\"5a32d5b\" data-elementor-lightbox-title=\"ATLETISMO\" href='https:\/\/menyvillalba.com\/wp-content\/uploads\/2019\/04\/ATLETISMO.jpg'><img loading=\"lazy\" decoding=\"async\" width=\"300\" height=\"169\" src=\"https:\/\/menyvillalba.com\/wp-content\/uploads\/2019\/04\/ATLETISMO-300x169.jpg\" class=\"attachment-medium size-medium\" alt=\"\" aria-describedby=\"gallery-1-280\" srcset=\"https:\/\/menyvillalba.com\/wp-content\/uploads\/2019\/04\/ATLETISMO-300x169.jpg 300w, https:\/\/menyvillalba.com\/wp-content\/uploads\/2019\/04\/ATLETISMO-768x433.jpg 768w, https:\/\/menyvillalba.com\/wp-content\/uploads\/2019\/04\/ATLETISMO-1024x578.jpg 1024w, https:\/\/menyvillalba.com\/wp-content\/uploads\/2019\/04\/ATLETISMO.jpg 1156w\" sizes=\"auto, (max-width: 300px) 100vw, 300px\" \/><\/a>\n\t\t\t<\/dt>\n\t\t\t\t<dd class='wp-caption-text gallery-caption' id='gallery-1-280'>\n\t\t\t\tATLETISMO\n\t\t\t\t<\/dd><\/dl><br style=\"clear: both\" \/>\n\t\t<\/div>\n\t\t<\/div>\n\t\t\t\t<\/div>\n\t\t\t\t<\/div>\n\t\t\t\t\t\t<\/div>\n\t\t\t\t\t<\/div>\n\t\t<\/div>\n\t\t\t\t\t\t\t\t<\/div>\n\t\t\t\t\t<\/div>\n\t\t<\/section>\n\t\t\t\t<section class=\"elementor-section elementor-top-section elementor-element elementor-element-bad6267 elementor-section-boxed elementor-section-height-default elementor-section-height-default\" data-id=\"bad6267\" data-element_type=\"section\">\n\t\t\t\t\t\t<div class=\"elementor-container elementor-column-gap-default\">\n\t\t\t\t\t\t\t<div class=\"elementor-row\">\n\t\t\t\t\t<div class=\"elementor-column elementor-col-100 elementor-top-column elementor-element elementor-element-05f4c67\" data-id=\"05f4c67\" data-element_type=\"column\">\n\t\t\t<div class=\"elementor-column-wrap elementor-element-populated\">\n\t\t\t\t\t\t\t<div class=\"elementor-widget-wrap\">\n\t\t\t\t\t\t<div class=\"elementor-element elementor-element-7004a1e elementor-widget elementor-widget-premium-addon-image-separator\" data-id=\"7004a1e\" data-element_type=\"widget\" data-widget_type=\"premium-addon-image-separator.default\">\n\t\t\t\t<div class=\"elementor-widget-container\">\n\t\t\t\n\t<div class=\"premium-image-separator-container\">\n\t\t\t\t\t<img decoding=\"async\" src=\"https:\/\/menyvillalba.com\/wp-content\/uploads\/2019\/04\/b314541f49ce483dd4c47d0142a47f77-cone-de-bola-de-futebol-cl-ssico-by-vexels.png\" alt=\"b314541f49ce483dd4c47d0142a47f77---cone-de-bola-de-futebol-cl--ssico-by-vexels\">\n\t\t\t\t\t\t<\/div>\n\t\t\t\t<\/div>\n\t\t\t\t<\/div>\n\t\t\t\t\t\t<\/div>\n\t\t\t\t\t<\/div>\n\t\t<\/div>\n\t\t\t\t\t\t\t\t<\/div>\n\t\t\t\t\t<\/div>\n\t\t<\/section>\n\t\t\t\t\t\t<\/div>\n\t\t\t\t\t\t<\/div>\n\t\t\t\t\t<\/div>\n\t\t","protected":false},"excerpt":{"rendered":"<p>MANUEL VILLALBA AGUIRRE Whatsapp INICIO ACERCA DE GALER\u00cdAS CONTACTO JUEGOS POPULARES PAPELERA DE CHIHUAHUA FUTBOL DE OLIMPIADA ARBITRAJE SERVICIOS EDUCATIVOS Clases de Educaci\u00f3n F\u00edsica F\u00fatbol &nbsp;Mini Basquetbol Escolta Atletismo Cursos de verano Ajedrez Voleibol&nbsp; ESCOLTA FUTBOL BASQUETBOL ATLETISMO<\/p>\n","protected":false},"author":1,"featured_media":0,"parent":0,"menu_order":0,"comment_status":"closed","ping_status":"closed","template":"elementor_canvas","meta":{"footnotes":""},"folder":[],"class_list":["post-111","page","type-page","status-publish","hentry"],"_links":{"self":[{"href":"https:\/\/menyvillalba.com\/index.php\/wp-json\/wp\/v2\/pages\/111","targetHints":{"allow":["GET"]}}],"collection":[{"href":"https:\/\/menyvillalba.com\/index.php\/wp-json\/wp\/v2\/pages"}],"about":[{"href":"https:\/\/menyvillalba.com\/index.php\/wp-json\/wp\/v2\/types\/page"}],"author":[{"embeddable":true,"href":"https:\/\/menyvillalba.com\/index.php\/wp-json\/wp\/v2\/users\/1"}],"replies":[{"embeddable":true,"href":"https:\/\/menyvillalba.com\/index.php\/wp-json\/wp\/v2\/comments?post=111"}],"version-history":[{"count":8,"href":"https:\/\/menyvillalba.com\/index.php\/wp-json\/wp\/v2\/pages\/111\/revisions"}],"predecessor-version":[{"id":289,"href":"https:\/\/menyvillalba.com\/index.php\/wp-json\/wp\/v2\/pages\/111\/revisions\/289"}],"wp:attachment":[{"href":"https:\/\/menyvillalba.com\/index.php\/wp-json\/wp\/v2\/media?parent=111"}],"wp:term":[{"taxonomy":"folder","embeddable":true,"href":"https:\/\/menyvillalba.com\/index.php\/wp-json\/wp\/v2\/folder?post=111"}],"curies":[{"name":"wp","href":"https:\/\/api.w.org\/{rel}","templated":true}]}}